{"id":5,"date":"2022-01-09T21:59:52","date_gmt":"2022-01-09T21:59:52","guid":{"rendered":"http:\/\/autos.jetzt\/?page_id=5"},"modified":"2024-09-03T19:32:28","modified_gmt":"2024-09-03T19:32:28","slug":"create-your-website-with-blocks","status":"publish","type":"page","link":"https:\/\/autos.jetzt\/","title":{"rendered":"Autos"},"content":{"rendered":"\n<div style=\"height:59px\" aria-hidden=\"true\" class=\"wp-block-spacer\"><\/div>\n\n\n\n<p>Es gibt viele Argumente, ein Auto zu kaufen:<\/p>\n\n\n<div class=\"alignright is-style-rounded is-style-rounded--e715ea90df5925a092f0e09814ee8a2f wp-block-site-logo wp-duotone-unset-1\"><a href=\"https:\/\/autos.jetzt\/\" class=\"custom-logo-link\" rel=\"home\"><img loading=\"lazy\" decoding=\"async\" width=\"101\" height=\"60\" src=\"https:\/\/autos.jetzt\/wp-content\/uploads\/2022\/01\/bmw-8er-01.jpg\" class=\"custom-logo\" alt=\"autos jetzt kaufen\" srcset=\"https:\/\/autos.jetzt\/wp-content\/uploads\/2022\/01\/bmw-8er-01.jpg 1200w, https:\/\/autos.jetzt\/wp-content\/uploads\/2022\/01\/bmw-8er-01-300x181.jpg 300w, https:\/\/autos.jetzt\/wp-content\/uploads\/2022\/01\/bmw-8er-01-1024x616.jpg 1024w, https:\/\/autos.jetzt\/wp-content\/uploads\/2022\/01\/bmw-8er-01-768x462.jpg 768w\" sizes=\"(max-width: 101px) 100vw, 101px\" \/><\/a><\/div>\n\n\n<ul class=\"wp-block-list is-style-default\">\n<li>Erh\u00f6hte Mobilit\u00e4t und Unabh\u00e4ngigkeit vom \u00f6ffentlichen Verkehr<\/li>\n\n\n\n<li>Bequemlichkeit und Komfort beim Transport von Personen und Gep\u00e4ck<\/li>\n\n\n\n<li>M\u00f6glichkeit, weitere Orte zu erkunden und spontane Ausfl\u00fcge zu unternehmen<\/li>\n\n\n\n<li>Zeitsparend aufgrund direkterer Routen und flexiblerer Zeitplanung<\/li>\n<\/ul>\n\n\n\n<figure class=\"wp-block-table alignfull\" style=\"padding-top:var(--wp--preset--spacing--20);padding-right:0;padding-bottom:var(--wp--preset--spacing--20);padding-left:0\"><table class=\"has-contrast-color has-accent-background-color has-text-color has-background has-link-color\" style=\"border-width:1px\"><tbody><tr><td><\/td><td><strong>Diesel-Fahrzeuge<\/strong><\/td><td><strong>Benzin-Auto<\/strong><\/td><td><strong>E-Autos<\/strong><\/td><td><strong>Wasserstofffahrzeuge<\/strong><\/td><\/tr><tr><td><strong>Vorteile<\/strong><\/td><td>Niedrigerer Verbrauch, g\u00fcnstigerer Kraftstoff<\/td><td>Weit verbreitet, einfache Infrastruktur<\/td><td>Umweltfreundlicher, geringere Betriebskosten<\/td><td>Schnelles Tanken, hohe Reichweite<\/td><\/tr><tr><td><strong>Nachteile<\/strong><\/td><td>Schlechteres Image, hohe Schadstoffemissionen<\/td><td>H\u00f6here Betriebskosten, Umweltauswirkungen<\/td><td>Begrenzte Reichweite, l\u00e4ngeres Aufladen<\/td><td>Infrastruktur begrenzt, Herstellung von Wasserstoff aufwendig<\/td><\/tr><\/tbody><tfoot><tr><td><\/td><td><\/td><td><\/td><td><\/td><td><\/td><\/tr><\/tfoot><\/table><\/figure>\n\n\n<div class=\"is-default-size wp-block-site-logo\"><a href=\"https:\/\/autos.jetzt\/\" class=\"custom-logo-link\" rel=\"home\"><img loading=\"lazy\" decoding=\"async\" width=\"1200\" height=\"722\" src=\"https:\/\/autos.jetzt\/wp-content\/uploads\/2022\/01\/bmw-8er-01.jpg\" class=\"custom-logo\" alt=\"autos jetzt kaufen\" srcset=\"https:\/\/autos.jetzt\/wp-content\/uploads\/2022\/01\/bmw-8er-01.jpg 1200w, https:\/\/autos.jetzt\/wp-content\/uploads\/2022\/01\/bmw-8er-01-300x181.jpg 300w, https:\/\/autos.jetzt\/wp-content\/uploads\/2022\/01\/bmw-8er-01-1024x616.jpg 1024w, https:\/\/autos.jetzt\/wp-content\/uploads\/2022\/01\/bmw-8er-01-768x462.jpg 768w\" sizes=\"(max-width: 1200px) 100vw, 1200px\" \/><\/a><\/div>\n\n\n<div style=\"height:100px\" aria-hidden=\"true\" class=\"wp-block-spacer\"><\/div>\n\n\n\n<p>Autos sind zur Zeit besonders interessant zu kaufen oder zu leasen aus verschiedenen Gr\u00fcnden:<\/p>\n\n\n\n<ul class=\"wp-block-list\">\n<li>Attraktive Angebote und Rabatte von Autoherstellern und H\u00e4ndlern<\/li>\n\n\n\n<li>Niedrige Zinsen f\u00fcr Autokredite<\/li>\n\n\n\n<li>Vielfalt an Modellen und Technologien auf dem Markt<\/li>\n\n\n\n<li>Steigende Beliebtheit von Elektroautos und Hybridfahrzeugen mit staatlichen F\u00f6rderungen<\/li>\n<\/ul>\n\n\n\n<figure class=\"wp-block-image alignfull\"><img loading=\"lazy\" decoding=\"async\" width=\"1080\" height=\"1440\" src=\"https:\/\/autos.jetzt\/wp-content\/uploads\/2024\/09\/up-3T68iVA7pm0.jpg\" alt=\"\" class=\"wp-image-128\" srcset=\"https:\/\/autos.jetzt\/wp-content\/uploads\/2024\/09\/up-3T68iVA7pm0.jpg 1080w, https:\/\/autos.jetzt\/wp-content\/uploads\/2024\/09\/up-3T68iVA7pm0-225x300.jpg 225w, https:\/\/autos.jetzt\/wp-content\/uploads\/2024\/09\/up-3T68iVA7pm0-768x1024.jpg 768w\" sizes=\"(max-width: 1080px) 100vw, 1080px\" \/><\/figure>\n\n\n\n<div style=\"height:100px\" aria-hidden=\"true\" class=\"wp-block-spacer\"><\/div>\n","protected":false},"excerpt":{"rendered":"<p>Es gibt viele Argumente, ein Auto zu kaufen: Diesel-Fahrzeuge Benzin-Auto E-Autos Wasserstofffahrzeuge Vorteile Niedrigerer Verbrauch, g\u00fcnstigerer Kraftstoff Weit verbreitet, einfache Infrastruktur Umweltfreundlicher, geringere Betriebskosten Schnelles Tanken, hohe Reichweite Nachteile Schlechteres Image, hohe Schadstoffemissionen H\u00f6here Betriebskosten, Umweltauswirkungen Begrenzte Reichweite, l\u00e4ngeres Aufladen Infrastruktur begrenzt, Herstellung von Wasserstoff aufwendig Autos sind zur Zeit besonders interessant zu kaufen oder [&hellip;]<\/p>\n","protected":false},"author":1,"featured_media":0,"parent":0,"menu_order":0,"comment_status":"closed","ping_status":"closed","template":"","meta":{"om_disable_all_campaigns":false,"_monsterinsights_skip_tracking":false,"_monsterinsights_sitenote_active":false,"_monsterinsights_sitenote_note":"","_monsterinsights_sitenote_category":0,"footnotes":""},"class_list":["post-5","page","type-page","status-publish","hentry"],"aioseo_notices":[],"_links":{"self":[{"href":"https:\/\/autos.jetzt\/index.php\/wp-json\/wp\/v2\/pages\/5"}],"collection":[{"href":"https:\/\/autos.jetzt\/index.php\/wp-json\/wp\/v2\/pages"}],"about":[{"href":"https:\/\/autos.jetzt\/index.php\/wp-json\/wp\/v2\/types\/page"}],"author":[{"embeddable":true,"href":"https:\/\/autos.jetzt\/index.php\/wp-json\/wp\/v2\/users\/1"}],"replies":[{"embeddable":true,"href":"https:\/\/autos.jetzt\/index.php\/wp-json\/wp\/v2\/comments?post=5"}],"version-history":[{"count":38,"href":"https:\/\/autos.jetzt\/index.php\/wp-json\/wp\/v2\/pages\/5\/revisions"}],"predecessor-version":[{"id":145,"href":"https:\/\/autos.jetzt\/index.php\/wp-json\/wp\/v2\/pages\/5\/revisions\/145"}],"wp:attachment":[{"href":"https:\/\/autos.jetzt\/index.php\/wp-json\/wp\/v2\/media?parent=5"}],"curies":[{"name":"wp","href":"https:\/\/api.w.org\/{rel}","templated":true}]}}